{"id":24002,"date":"2025-01-14T14:40:58","date_gmt":"2025-01-14T18:40:58","guid":{"rendered":"https:\/\/entrepneu.com\/?post_type=product&#038;p=24002"},"modified":"2025-01-14T14:40:58","modified_gmt":"2025-01-14T18:40:58","slug":"noix-fermee-12x1-50-hex-19mm-longueur-35mm","status":"publish","type":"product","link":"https:\/\/entrepneu.com\/en\/product\/noix-fermee-12x1-50-hex-19mm-longueur-35mm\/","title":{"rendered":"Noix Ferm\u00e9e 12X1.50 Hex 19mm Longueur 35mm"},"content":{"rendered":"<h3>Compatibilit\u00e9s de vehicule<\/h3>\n<div class=\"VehicleList col-sm-8\">\n<table class=\"table\">\n<thead>\n<tr>\n<th>Marque<\/th>\n<th>Mod\u00e8le<\/th>\n<th>Ann\u00e9e<\/th>\n<\/tr>\n<\/thead>\n<tbody>\n<tr>\n<td>ACURA<\/td>\n<td>CL<\/td>\n<td>1997 &#8211; 2003<\/td>\n<\/tr>\n<tr>\n<td>ACURA<\/td>\n<td>CSX<\/td>\n<td>2006 &#8211; 2011<\/td>\n<\/tr>\n<tr>\n<td>ACURA<\/td>\n<td>CSX TYPE S<\/td>\n<td>2007 &#8211; 2011<\/td>\n<\/tr>\n<tr>\n<td>ACURA<\/td>\n<td>EL<\/td>\n<td>1997 &#8211; 2005<\/td>\n<\/tr>\n<tr>\n<td>ACURA<\/td>\n<td>ILX<\/td>\n<td>2016 &#8211; 2022<\/td>\n<\/tr>\n<tr>\n<td>ACURA<\/td>\n<td>ILX<\/td>\n<td>2022<\/td>\n<\/tr>\n<tr>\n<td>ACURA<\/td>\n<td>ILX 2,0L<\/td>\n<td>2013 &#8211; 2015<\/td>\n<\/tr>\n<tr>\n<td>ACURA<\/td>\n<td>ILX 2,4L<\/td>\n<td>2013 &#8211; 2015<\/td>\n<\/tr>\n<tr>\n<td>ACURA<\/td>\n<td>ILX PREMIUM A-SPEC<\/td>\n<td>2016 &#8211; 2022<\/td>\n<\/tr>\n<tr>\n<td>ACURA<\/td>\n<td>ILX TECH A-SPEC<\/td>\n<td>2012 &#8211; 2022<\/td>\n<\/tr>\n<tr>\n<td>ACURA<\/td>\n<td>INTEGRA<\/td>\n<td>1986 &#8211; 2001<\/td>\n<\/tr>\n<tr>\n<td>ACURA<\/td>\n<td>INTEGRA<\/td>\n<td>2023<\/td>\n<\/tr>\n<tr>\n<td>ACURA<\/td>\n<td>INTEGRA A-SPEC<\/td>\n<td>2023 &#8211; 2025<\/td>\n<\/tr>\n<tr>\n<td>ACURA<\/td>\n<td>INTEGRA TYPE R<\/td>\n<td>1994 &#8211; 2001<\/td>\n<\/tr>\n<tr>\n<td>ACURA<\/td>\n<td>LEGEND<\/td>\n<td>1986 &#8211; 1995<\/td>\n<\/tr>\n<tr>\n<td>ACURA<\/td>\n<td>MDX<\/td>\n<td>2001 &#8211; 2006<\/td>\n<\/tr>\n<tr>\n<td>ACURA<\/td>\n<td>MDX<\/td>\n<td>2014 &#8211; 2016<\/td>\n<\/tr>\n<tr>\n<td>ACURA<\/td>\n<td>RDX<\/td>\n<td>2007 &#8211; 2023<\/td>\n<\/tr>\n<tr>\n<td>ACURA<\/td>\n<td>RDX<\/td>\n<td>2025<\/td>\n<\/tr>\n<tr>\n<td>ACURA<\/td>\n<td>RL<\/td>\n<td>1996 &#8211; 2004<\/td>\n<\/tr>\n<tr>\n<td>ACURA<\/td>\n<td>RSX<\/td>\n<td>2002 &#8211; 2006<\/td>\n<\/tr>\n<tr>\n<td>ACURA<\/td>\n<td>RSX TYPE S<\/td>\n<td>2002 &#8211; 2006<\/td>\n<\/tr>\n<tr>\n<td>ACURA<\/td>\n<td>TL 2.5L<\/td>\n<td>1995 &#8211; 1998<\/td>\n<\/tr>\n<tr>\n<td>ACURA<\/td>\n<td>TL 3.2L<\/td>\n<td>1996 &#8211; 2008<\/td>\n<\/tr>\n<tr>\n<td>ACURA<\/td>\n<td>TLX<\/td>\n<td>2015 &#8211; 2020<\/td>\n<\/tr>\n<tr>\n<td>ACURA<\/td>\n<td>TSX<\/td>\n<td>2004 &#8211; 2014<\/td>\n<\/tr>\n<tr>\n<td>BUICK<\/td>\n<td>ALLURE<\/td>\n<td>2005 &#8211; 2009<\/td>\n<\/tr>\n<tr>\n<td>BUICK<\/td>\n<td>CENTURY<\/td>\n<td>1997 &#8211; 2005<\/td>\n<\/tr>\n<tr>\n<td>BUICK<\/td>\n<td>ENCORE<\/td>\n<td>2013 &#8211; 2022<\/td>\n<\/tr>\n<tr>\n<td>BUICK<\/td>\n<td>ENCORE GX<\/td>\n<td>2020 &#8211; 2025<\/td>\n<\/tr>\n<tr>\n<td>BUICK<\/td>\n<td>ENVISION<\/td>\n<td>2016 &#8211; 2018<\/td>\n<\/tr>\n<tr>\n<td>BUICK<\/td>\n<td>ENVISTA<\/td>\n<td>2024 &#8211; 2025<\/td>\n<\/tr>\n<tr>\n<td>BUICK<\/td>\n<td>LACROSSE<\/td>\n<td>2005 &#8211; 2009<\/td>\n<\/tr>\n<tr>\n<td>BUICK<\/td>\n<td>LACROSSE<\/td>\n<td>2017 &#8211; 2019<\/td>\n<\/tr>\n<tr>\n<td>BUICK<\/td>\n<td>LESABRE<\/td>\n<td>1985 &#8211; 2005<\/td>\n<\/tr>\n<tr>\n<td>BUICK<\/td>\n<td>LUCERNE<\/td>\n<td>2005 &#8211; 2011<\/td>\n<\/tr>\n<tr>\n<td>BUICK<\/td>\n<td>PARK AVENUE<\/td>\n<td>1985 &#8211; 2005<\/td>\n<\/tr>\n<tr>\n<td>BUICK<\/td>\n<td>RAINIER<\/td>\n<td>2003 &#8211; 2007<\/td>\n<\/tr>\n<tr>\n<td>BUICK<\/td>\n<td>REGAL<\/td>\n<td>1988 &#8211; 2003<\/td>\n<\/tr>\n<tr>\n<td>BUICK<\/td>\n<td>REGAL SPORT BACK (EXCEPT GS)<\/td>\n<td>2018 &#8211; 2020<\/td>\n<\/tr>\n<tr>\n<td>BUICK<\/td>\n<td>RENDEZ-VOUS<\/td>\n<td>2001 &#8211; 2007<\/td>\n<\/tr>\n<tr>\n<td>BUICK<\/td>\n<td>RIVIERA<\/td>\n<td>1986 &#8211; 2002<\/td>\n<\/tr>\n<tr>\n<td>BUICK<\/td>\n<td>TERRAZA<\/td>\n<td>2005 &#8211; 2007<\/td>\n<\/tr>\n<tr>\n<td>BUICK<\/td>\n<td>VERANO<\/td>\n<td>2012 &#8211; 2017<\/td>\n<\/tr>\n<tr>\n<td>CADILLAC<\/td>\n<td>ATS<\/td>\n<td>2013 &#8211; 2019<\/td>\n<\/tr>\n<tr>\n<td>CADILLAC<\/td>\n<td>ATS-4<\/td>\n<td>2013 &#8211; 2019<\/td>\n<\/tr>\n<tr>\n<td>CADILLAC<\/td>\n<td>CT4 (EXCEPT V \/ BLACKWING &amp; BREMBO)<\/td>\n<td>2020 &#8211; 2025<\/td>\n<\/tr>\n<tr>\n<td>CADILLAC<\/td>\n<td>CTS<\/td>\n<td>2002 &#8211; 2007<\/td>\n<\/tr>\n<tr>\n<td>CADILLAC<\/td>\n<td>CTS-4<\/td>\n<td>2003 &#8211; 2007<\/td>\n<\/tr>\n<tr>\n<td>CADILLAC<\/td>\n<td>DE VILLE<\/td>\n<td>1997 &#8211; 2005<\/td>\n<\/tr>\n<tr>\n<td>CADILLAC<\/td>\n<td>DTS<\/td>\n<td>2006 &#8211; 2011<\/td>\n<\/tr>\n<tr>\n<td>CADILLAC<\/td>\n<td>ELR<\/td>\n<td>2014 &#8211; 2016<\/td>\n<\/tr>\n<tr>\n<td>CADILLAC<\/td>\n<td>SEVILLE<\/td>\n<td>1997 &#8211; 2004<\/td>\n<\/tr>\n<tr>\n<td>CADILLAC<\/td>\n<td>SRX<\/td>\n<td>2004 &#8211; 2009<\/td>\n<\/tr>\n<tr>\n<td>CADILLAC<\/td>\n<td>STS<\/td>\n<td>2005 &#8211; 2011<\/td>\n<\/tr>\n<tr>\n<td>CADILLAC<\/td>\n<td>STS V<\/td>\n<td>2006 &#8211; 2010<\/td>\n<\/tr>\n<tr>\n<td>CHEVROLET<\/td>\n<td>AVEO<\/td>\n<td>2004 &#8211; 2011<\/td>\n<\/tr>\n<tr>\n<td>CHEVROLET<\/td>\n<td>AVEO 5<\/td>\n<td>2004 &#8211; 2011<\/td>\n<\/tr>\n<tr>\n<td>CHEVROLET<\/td>\n<td>BOLT EUV<\/td>\n<td>2022 &#8211; 2023<\/td>\n<\/tr>\n<tr>\n<td>CHEVROLET<\/td>\n<td>BOLT EV<\/td>\n<td>2017 &#8211; 2023<\/td>\n<\/tr>\n<tr>\n<td>CHEVROLET<\/td>\n<td>CAVALIER<\/td>\n<td>1991 &#8211; 2005<\/td>\n<\/tr>\n<tr>\n<td>CHEVROLET<\/td>\n<td>COBALT 4 BOULONS &#8211; 4 STUDS<\/td>\n<td>2005 &#8211; 2010<\/td>\n<\/tr>\n<tr>\n<td>CHEVROLET<\/td>\n<td>COBALT 5 BOULONS &#8211; 5 STUDS (EXCEPT BREMBO)<\/td>\n<td>2005 &#8211; 2010<\/td>\n<\/tr>\n<tr>\n<td>CHEVROLET<\/td>\n<td>COBALT SS (EXCEPT BREMBO)<\/td>\n<td>2005 &#8211; 2010<\/td>\n<\/tr>\n<tr>\n<td>CHEVROLET<\/td>\n<td>COLORADO<\/td>\n<td>2004 &#8211; 2012<\/td>\n<\/tr>\n<tr>\n<td>CHEVROLET<\/td>\n<td>CRUZE<\/td>\n<td>2011 &#8211; 2019<\/td>\n<\/tr>\n<tr>\n<td>CHEVROLET<\/td>\n<td>CRUZE TURBO DIESEL<\/td>\n<td>2014 &#8211; 2019<\/td>\n<\/tr>\n<tr>\n<td>CHEVROLET<\/td>\n<td>EPICA<\/td>\n<td>2004 &#8211; 2006<\/td>\n<\/tr>\n<tr>\n<td>CHEVROLET<\/td>\n<td>EQUINOX<\/td>\n<td>2005 &#8211; 2009<\/td>\n<\/tr>\n<tr>\n<td>CHEVROLET<\/td>\n<td>EQUINOX 1.5L TURBO<\/td>\n<td>2018 &#8211; 2020<\/td>\n<\/tr>\n<tr>\n<td>CHEVROLET<\/td>\n<td>EQUINOX 2.0L TURBO<\/td>\n<td>2018 &#8211; 2020<\/td>\n<\/tr>\n<tr>\n<td>CHEVROLET<\/td>\n<td>EQUINOX ACTIV \/ LT \/ RS (EXCEPT EV)<\/td>\n<td>2025<\/td>\n<\/tr>\n<tr>\n<td>CHEVROLET<\/td>\n<td>EQUINOX L \/ LS \/ LT \/ PREMIER \/ RS<\/td>\n<td>2021 &#8211; 2024<\/td>\n<\/tr>\n<tr>\n<td>CHEVROLET<\/td>\n<td>HHR<\/td>\n<td>2006 &#8211; 2011<\/td>\n<\/tr>\n<tr>\n<td>CHEVROLET<\/td>\n<td>IMPALA<\/td>\n<td>1999 &#8211; 2013<\/td>\n<\/tr>\n<tr>\n<td>CHEVROLET<\/td>\n<td>IMPALA LIMITED<\/td>\n<td>2014 &#8211; 2016<\/td>\n<\/tr>\n<tr>\n<td>CHEVROLET<\/td>\n<td>LUMINA<\/td>\n<td>1990 &#8211; 2000<\/td>\n<\/tr>\n<tr>\n<td>CHEVROLET<\/td>\n<td>LUMINA VAN<\/td>\n<td>1990 &#8211; 2001<\/td>\n<\/tr>\n<tr>\n<td>CHEVROLET<\/td>\n<td>MALIBU<\/td>\n<td>1997 &#8211; 2012<\/td>\n<\/tr>\n<tr>\n<td>CHEVROLET<\/td>\n<td>MALIBU 1.5T<\/td>\n<td>2016 &#8211; 2024<\/td>\n<\/tr>\n<tr>\n<td>CHEVROLET<\/td>\n<td>MALIBU 2.0T<\/td>\n<td>2016 &#8211; 2024<\/td>\n<\/tr>\n<tr>\n<td>CHEVROLET<\/td>\n<td>MALIBU HYBRID<\/td>\n<td>2016 &#8211; 2021<\/td>\n<\/tr>\n<tr>\n<td>CHEVROLET<\/td>\n<td>MALIBU MAAX<\/td>\n<td>2004 &#8211; 2005<\/td>\n<\/tr>\n<tr>\n<td>CHEVROLET<\/td>\n<td>MONTE CARLO<\/td>\n<td>1995 &#8211; 2007<\/td>\n<\/tr>\n<tr>\n<td>CHEVROLET<\/td>\n<td>ORLANDO<\/td>\n<td>2011 &#8211; 2014<\/td>\n<\/tr>\n<tr>\n<td>CHEVROLET<\/td>\n<td>SONIC<\/td>\n<td>2012 &#8211; 2019<\/td>\n<\/tr>\n<tr>\n<td>CHEVROLET<\/td>\n<td>SPARK<\/td>\n<td>2013 &#8211; 2022<\/td>\n<\/tr>\n<tr>\n<td>CHEVROLET<\/td>\n<td>TRAILBLAZER<\/td>\n<td>2001 &#8211; 2025<\/td>\n<\/tr>\n<tr>\n<td>CHEVROLET<\/td>\n<td>TRAX<\/td>\n<td>2013 &#8211; 2025<\/td>\n<\/tr>\n<tr>\n<td>CHEVROLET<\/td>\n<td>UPLANDER<\/td>\n<td>2004 &#8211; 2009<\/td>\n<\/tr>\n<tr>\n<td>CHEVROLET<\/td>\n<td>VENTURE<\/td>\n<td>1997 &#8211; 2005<\/td>\n<\/tr>\n<tr>\n<td>CHEVROLET<\/td>\n<td>VOLT<\/td>\n<td>2011 &#8211; 2016<\/td>\n<\/tr>\n<tr>\n<td>CHRYSLER<\/td>\n<td>200<\/td>\n<td>2011 &#8211; 2014<\/td>\n<\/tr>\n<tr>\n<td>CHRYSLER<\/td>\n<td>300M<\/td>\n<td>1998 &#8211; 2004<\/td>\n<\/tr>\n<tr>\n<td>CHRYSLER<\/td>\n<td>CIRRUS<\/td>\n<td>1995 &#8211; 2001<\/td>\n<\/tr>\n<tr>\n<td>CHRYSLER<\/td>\n<td>CONCORDE<\/td>\n<td>1998 &#8211; 2004<\/td>\n<\/tr>\n<tr>\n<td>CHRYSLER<\/td>\n<td>GRAND CARAVAN<\/td>\n<td>2021 &#8211; 2025<\/td>\n<\/tr>\n<tr>\n<td>CHRYSLER<\/td>\n<td>LHS<\/td>\n<td>1994 &#8211; 2001<\/td>\n<\/tr>\n<tr>\n<td>CHRYSLER<\/td>\n<td>PACIFICA<\/td>\n<td>2004 &#8211; 2008<\/td>\n<\/tr>\n<tr>\n<td>CHRYSLER<\/td>\n<td>PACIFICA AWD<\/td>\n<td>2020 &#8211; 2025<\/td>\n<\/tr>\n<tr>\n<td>CHRYSLER<\/td>\n<td>PACIFICA HYBRID AWD<\/td>\n<td>2020 &#8211; 2025<\/td>\n<\/tr>\n<tr>\n<td>CHRYSLER<\/td>\n<td>PACIFICA HYBRID SAUF \/ EXCEPT AWD<\/td>\n<td>2016 &#8211; 2025<\/td>\n<\/tr>\n<tr>\n<td>CHRYSLER<\/td>\n<td>PACIFICA SAUF \/ EXCEPT AWD<\/td>\n<td>2016 &#8211; 2025<\/td>\n<\/tr>\n<tr>\n<td>CHRYSLER<\/td>\n<td>PT CRUISER<\/td>\n<td>2001 &#8211; 2010<\/td>\n<\/tr>\n<tr>\n<td>CHRYSLER<\/td>\n<td>SEBRING CONVERTIBLE \/ SEDAN<\/td>\n<td>1995 &#8211; 2006<\/td>\n<\/tr>\n<tr>\n<td>CHRYSLER<\/td>\n<td>SEBRING COUPE<\/td>\n<td>1995 &#8211; 2006<\/td>\n<\/tr>\n<tr>\n<td>CHRYSLER<\/td>\n<td>TOWN &amp; COUNTRY<\/td>\n<td>1990 &#8211; 2016<\/td>\n<\/tr>\n<tr>\n<td>DAEWOO<\/td>\n<td>LEGANZA<\/td>\n<td>1999 &#8211; 2002<\/td>\n<\/tr>\n<tr>\n<td>DAEWOO<\/td>\n<td>NUBIRA<\/td>\n<td>1999 &#8211; 2002<\/td>\n<\/tr>\n<tr>\n<td>DODGE<\/td>\n<td>AVENGER<\/td>\n<td>1995 &#8211; 2014<\/td>\n<\/tr>\n<tr>\n<td>DODGE<\/td>\n<td>CALIBER R\/T<\/td>\n<td>2007 &#8211; 2012<\/td>\n<\/tr>\n<tr>\n<td>DODGE<\/td>\n<td>CALIBER SE<\/td>\n<td>2007 &#8211; 2012<\/td>\n<\/tr>\n<tr>\n<td>DODGE<\/td>\n<td>CALIBER SRT 4<\/td>\n<td>2008 &#8211; 2009<\/td>\n<\/tr>\n<tr>\n<td>DODGE<\/td>\n<td>CALIBER SXT<\/td>\n<td>2007 &#8211; 2012<\/td>\n<\/tr>\n<tr>\n<td>DODGE<\/td>\n<td>CARAVAN<\/td>\n<td>1986 &#8211; 2007<\/td>\n<\/tr>\n<tr>\n<td>DODGE<\/td>\n<td>GRAND CARAVAN<\/td>\n<td>2001 &#8211; 2020<\/td>\n<\/tr>\n<tr>\n<td>DODGE<\/td>\n<td>GRAND CARAVAN CREW<\/td>\n<td>2012 &#8211; 2020<\/td>\n<\/tr>\n<tr>\n<td>DODGE<\/td>\n<td>GRAND CARAVAN RT<\/td>\n<td>2012 &#8211; 2017<\/td>\n<\/tr>\n<tr>\n<td>DODGE<\/td>\n<td>INTREPID<\/td>\n<td>1993 &#8211; 2004<\/td>\n<\/tr>\n<tr>\n<td>DODGE<\/td>\n<td>JOURNEY<\/td>\n<td>2008 &#8211; 2020<\/td>\n<\/tr>\n<tr>\n<td>DODGE<\/td>\n<td>JOURNEY CREW<\/td>\n<td>2011 &#8211; 2018<\/td>\n<\/tr>\n<tr>\n<td>DODGE<\/td>\n<td>JOURNEY R\/T<\/td>\n<td>2011 &#8211; 2018<\/td>\n<\/tr>\n<tr>\n<td>DODGE<\/td>\n<td>NEON 4 BOULONS \/ 4 BOLTS<\/td>\n<td>1994 &#8211; 1996<\/td>\n<\/tr>\n<tr>\n<td>DODGE<\/td>\n<td>NEON 5 BOULONS \/ 5 BOLTS<\/td>\n<td>1995 &#8211; 2002<\/td>\n<\/tr>\n<tr>\n<td>DODGE<\/td>\n<td>NEON SRT 4<\/td>\n<td>2003 &#8211; 2005<\/td>\n<\/tr>\n<tr>\n<td>DODGE<\/td>\n<td>NITRO<\/td>\n<td>2007 &#8211; 2009<\/td>\n<\/tr>\n<tr>\n<td>DODGE<\/td>\n<td>NITRO<\/td>\n<td>2011<\/td>\n<\/tr>\n<tr>\n<td>DODGE<\/td>\n<td>STRATUS 2 PORTES \/ 2 DOORS<\/td>\n<td>2001 &#8211; 2006<\/td>\n<\/tr>\n<tr>\n<td>DODGE<\/td>\n<td>STRATUS 4 PORTES \/ 4 DOORS<\/td>\n<td>1995 &#8211; 2000<\/td>\n<\/tr>\n<tr>\n<td>DODGE<\/td>\n<td>SX 2.0<\/td>\n<td>2003 &#8211; 2006<\/td>\n<\/tr>\n<tr>\n<td>FORD<\/td>\n<td>BRONCO<\/td>\n<td>2021 &#8211; 2025<\/td>\n<\/tr>\n<tr>\n<td>FORD<\/td>\n<td>BRONCO SPORT<\/td>\n<td>2021 &#8211; 2025<\/td>\n<\/tr>\n<tr>\n<td>FORD<\/td>\n<td>C-MAX<\/td>\n<td>2013 &#8211; 2018<\/td>\n<\/tr>\n<tr>\n<td>FORD<\/td>\n<td>C-MAX ENERGI<\/td>\n<td>2013 &#8211; 2018<\/td>\n<\/tr>\n<tr>\n<td>FORD<\/td>\n<td>ECOSPORT<\/td>\n<td>2018 &#8211; 2022<\/td>\n<\/tr>\n<tr>\n<td>FORD<\/td>\n<td>ESCAPE<\/td>\n<td>2013 &#8211; 2024<\/td>\n<\/tr>\n<tr>\n<td>FORD<\/td>\n<td>ESCAPE 2.3L<\/td>\n<td>2001 &#8211; 2008<\/td>\n<\/tr>\n<tr>\n<td>FORD<\/td>\n<td>ESCAPE 2.5L<\/td>\n<td>2009 &#8211; 2012<\/td>\n<\/tr>\n<tr>\n<td>FORD<\/td>\n<td>ESCAPE 3.0L<\/td>\n<td>2001 &#8211; 2012<\/td>\n<\/tr>\n<tr>\n<td>FORD<\/td>\n<td>ESCAPE HYBRID<\/td>\n<td>2004 &#8211; 2012<\/td>\n<\/tr>\n<tr>\n<td>FORD<\/td>\n<td>ESCAPE HYBRID \/ PHEV<\/td>\n<td>2020 &#8211; 2025<\/td>\n<\/tr>\n<tr>\n<td>FORD<\/td>\n<td>FIESTA<\/td>\n<td>2011 &#8211; 2019<\/td>\n<\/tr>\n<tr>\n<td>FORD<\/td>\n<td>FIESTA ST<\/td>\n<td>2013 &#8211; 2019<\/td>\n<\/tr>\n<tr>\n<td>FORD<\/td>\n<td>FOCUS<\/td>\n<td>2000 &#8211; 2018<\/td>\n<\/tr>\n<tr>\n<td>FORD<\/td>\n<td>FOCUS ST<\/td>\n<td>2012 &#8211; 2018<\/td>\n<\/tr>\n<tr>\n<td>FORD<\/td>\n<td>FOCUS SVT<\/td>\n<td>2002 &#8211; 2008<\/td>\n<\/tr>\n<tr>\n<td>FORD<\/td>\n<td>FUSION<\/td>\n<td>2006 &#8211; 2020<\/td>\n<\/tr>\n<tr>\n<td>FORD<\/td>\n<td>FUSION ENERGI<\/td>\n<td>2013 &#8211; 2020<\/td>\n<\/tr>\n<tr>\n<td>FORD<\/td>\n<td>RANGER<\/td>\n<td>2019 &#8211; 2025<\/td>\n<\/tr>\n<tr>\n<td>FORD<\/td>\n<td>TAURUS<\/td>\n<td>1986 &#8211; 2007<\/td>\n<\/tr>\n<tr>\n<td>FORD<\/td>\n<td>TRANSIT CONNECT<\/td>\n<td>2010 &#8211; 2023<\/td>\n<\/tr>\n<tr>\n<td>FORD<\/td>\n<td>WINDSTAR<\/td>\n<td>1995 &#8211; 2003<\/td>\n<\/tr>\n<tr>\n<td>GMC<\/td>\n<td>CANYON<\/td>\n<td>2004 &#8211; 2012<\/td>\n<\/tr>\n<tr>\n<td>GMC<\/td>\n<td>ENVOY<\/td>\n<td>2002 &#8211; 2009<\/td>\n<\/tr>\n<tr>\n<td>GMC<\/td>\n<td>TERRAIN 1.5L TURBO<\/td>\n<td>2018 &#8211; 2020<\/td>\n<\/tr>\n<tr>\n<td>GMC<\/td>\n<td>TERRAIN 2.0L TURBO<\/td>\n<td>2018 &#8211; 2020<\/td>\n<\/tr>\n<tr>\n<td>GMC<\/td>\n<td>TERRAIN AT4 \/ DENALI \/ SL \/ SLE \/ SLT<\/td>\n<td>2021 &#8211; 2024<\/td>\n<\/tr>\n<tr>\n<td>HONDA<\/td>\n<td>ACCORD<\/td>\n<td>2003 &#8211; 2007<\/td>\n<\/tr>\n<tr>\n<td>HONDA<\/td>\n<td>ACCORD 4 CYL<\/td>\n<td>1990 &#8211; 2002<\/td>\n<\/tr>\n<tr>\n<td>HONDA<\/td>\n<td>ACCORD 6 CYL<\/td>\n<td>1998 &#8211; 2002<\/td>\n<\/tr>\n<tr>\n<td>HONDA<\/td>\n<td>ACCORD EX \/ EX-L<\/td>\n<td>2008 &#8211; 2025<\/td>\n<\/tr>\n<tr>\n<td>HONDA<\/td>\n<td>ACCORD LX<\/td>\n<td>2008 &#8211; 2020<\/td>\n<\/tr>\n<tr>\n<td>HONDA<\/td>\n<td>ACCORD SE<\/td>\n<td>2021 &#8211; 2022<\/td>\n<\/tr>\n<tr>\n<td>HONDA<\/td>\n<td>ACCORD SPORT<\/td>\n<td>2013 &#8211; 2025<\/td>\n<\/tr>\n<tr>\n<td>HONDA<\/td>\n<td>ACCORD TOURING<\/td>\n<td>2013 &#8211; 2022<\/td>\n<\/tr>\n<tr>\n<td>HONDA<\/td>\n<td>ACCORD TOURING HYBRIDE<\/td>\n<td>2017 &#8211; 2025<\/td>\n<\/tr>\n<tr>\n<td>HONDA<\/td>\n<td>CIVIC<\/td>\n<td>1985 &#8211; 2025<\/td>\n<\/tr>\n<tr>\n<td>HONDA<\/td>\n<td>CIVIC HYBRIDE \/ SPORT \/ TOURING<\/td>\n<td>2013 &#8211; 2025<\/td>\n<\/tr>\n<tr>\n<td>HONDA<\/td>\n<td>CIVIC SI<\/td>\n<td>2006 &#8211; 2025<\/td>\n<\/tr>\n<tr>\n<td>HONDA<\/td>\n<td>CIVIC SI-R<\/td>\n<td>2004 &#8211; 2005<\/td>\n<\/tr>\n<tr>\n<td>HONDA<\/td>\n<td>CLARITY<\/td>\n<td>2018 &#8211; 2021<\/td>\n<\/tr>\n<tr>\n<td>HONDA<\/td>\n<td>CROSSTOUR<\/td>\n<td>2010 &#8211; 2015<\/td>\n<\/tr>\n<tr>\n<td>HONDA<\/td>\n<td>CRV<\/td>\n<td>1997 &#8211; 2025<\/td>\n<\/tr>\n<tr>\n<td>HONDA<\/td>\n<td>CRZ<\/td>\n<td>2011 &#8211; 2016<\/td>\n<\/tr>\n<tr>\n<td>HONDA<\/td>\n<td>DEL SOL<\/td>\n<td>1992 &#8211; 2001<\/td>\n<\/tr>\n<tr>\n<td>HONDA<\/td>\n<td>ELEMENT<\/td>\n<td>2003 &#8211; 2012<\/td>\n<\/tr>\n<tr>\n<td>HONDA<\/td>\n<td>FIT<\/td>\n<td>2006 &#8211; 2020<\/td>\n<\/tr>\n<tr>\n<td>HONDA<\/td>\n<td>FIT SPORT<\/td>\n<td>2006 &#8211; 2020<\/td>\n<\/tr>\n<tr>\n<td>HONDA<\/td>\n<td>HRV<\/td>\n<td>2016 &#8211; 2025<\/td>\n<\/tr>\n<tr>\n<td>HONDA<\/td>\n<td>INSIGHT<\/td>\n<td>2000 &#8211; 2022<\/td>\n<\/tr>\n<tr>\n<td>HONDA<\/td>\n<td>ODYSSEY<\/td>\n<td>1995 &#8211; 2004<\/td>\n<\/tr>\n<tr>\n<td>HONDA<\/td>\n<td>PILOT<\/td>\n<td>2003 &#8211; 2008<\/td>\n<\/tr>\n<tr>\n<td>HONDA<\/td>\n<td>PRELUDE<\/td>\n<td>1985 &#8211; 2002<\/td>\n<\/tr>\n<tr>\n<td>HONDA<\/td>\n<td>S2000<\/td>\n<td>2000 &#8211; 2009<\/td>\n<\/tr>\n<tr>\n<td>JAGUAR<\/td>\n<td>F-TYPE<\/td>\n<td>2014 &#8211; 2024<\/td>\n<\/tr>\n<tr>\n<td>JAGUAR<\/td>\n<td>I-PACE<\/td>\n<td>2019 &#8211; 2025<\/td>\n<\/tr>\n<tr>\n<td>JAGUAR<\/td>\n<td>XF<\/td>\n<td>2017 &#8211; 2025<\/td>\n<\/tr>\n<tr>\n<td>JEEP<\/td>\n<td>COMPASS<\/td>\n<td>2007 &#8211; 2016<\/td>\n<\/tr>\n<tr>\n<td>JEEP<\/td>\n<td>PATRIOT<\/td>\n<td>2007 &#8211; 2017<\/td>\n<\/tr>\n<tr>\n<td>LAND ROVER<\/td>\n<td>FREELANDER<\/td>\n<td>2002 &#8211; 2006<\/td>\n<\/tr>\n<tr>\n<td>LINCOLN<\/td>\n<td>CONTINENTAL<\/td>\n<td>1995 &#8211; 2002<\/td>\n<\/tr>\n<tr>\n<td>LINCOLN<\/td>\n<td>CORSAIR<\/td>\n<td>2020 &#8211; 2023<\/td>\n<\/tr>\n<tr>\n<td>LINCOLN<\/td>\n<td>LS<\/td>\n<td>2000 &#8211; 2006<\/td>\n<\/tr>\n<tr>\n<td>LINCOLN<\/td>\n<td>MKC<\/td>\n<td>2015 &#8211; 2019<\/td>\n<\/tr>\n<tr>\n<td>LINCOLN<\/td>\n<td>MKZ<\/td>\n<td>2007 &#8211; 2016<\/td>\n<\/tr>\n<tr>\n<td>MERCURY<\/td>\n<td>COUGAR<\/td>\n<td>1999 &#8211; 2002<\/td>\n<\/tr>\n<tr>\n<td>MERCURY<\/td>\n<td>MYSTIQUE<\/td>\n<td>1995 &#8211; 1999<\/td>\n<\/tr>\n<tr>\n<td>MERCURY<\/td>\n<td>SABLE<\/td>\n<td>1994 &#8211; 2004<\/td>\n<\/tr>\n<tr>\n<td>OLDSMOBILE<\/td>\n<td>ALERO<\/td>\n<td>1999 &#8211; 2004<\/td>\n<\/tr>\n<tr>\n<td>OLDSMOBILE<\/td>\n<td>AURORA<\/td>\n<td>1995 &#8211; 2003<\/td>\n<\/tr>\n<tr>\n<td>OLDSMOBILE<\/td>\n<td>BRAVADA<\/td>\n<td>2002 &#8211; 2004<\/td>\n<\/tr>\n<tr>\n<td>OLDSMOBILE<\/td>\n<td>INTRIGUE<\/td>\n<td>1998 &#8211; 2002<\/td>\n<\/tr>\n<tr>\n<td>OLDSMOBILE<\/td>\n<td>SILHOUETTE<\/td>\n<td>1999 &#8211; 2004<\/td>\n<\/tr>\n<tr>\n<td>OLDSMOBILE<\/td>\n<td>SILHOUETTE 4X4<\/td>\n<td>2002 &#8211; 2004<\/td>\n<\/tr>\n<tr>\n<td>PLYMOUTH<\/td>\n<td>BREEZE<\/td>\n<td>1995 &#8211; 2000<\/td>\n<\/tr>\n<tr>\n<td>PLYMOUTH<\/td>\n<td>GRAND VOYAGER<\/td>\n<td>1988 &#8211; 2000<\/td>\n<\/tr>\n<tr>\n<td>PLYMOUTH<\/td>\n<td>VOYAGER<\/td>\n<td>1988 &#8211; 2000<\/td>\n<\/tr>\n<tr>\n<td>PONTIAC<\/td>\n<td>AZTEK<\/td>\n<td>2001 &#8211; 2005<\/td>\n<\/tr>\n<tr>\n<td>PONTIAC<\/td>\n<td>AZTEK 4X4<\/td>\n<td>2001 &#8211; 2005<\/td>\n<\/tr>\n<tr>\n<td>PONTIAC<\/td>\n<td>BONNEVILLE<\/td>\n<td>1991 &#8211; 2005<\/td>\n<\/tr>\n<tr>\n<td>PONTIAC<\/td>\n<td>G3<\/td>\n<td>2008 &#8211; 2010<\/td>\n<\/tr>\n<tr>\n<td>PONTIAC<\/td>\n<td>G5 4 BOULONS \/ 4 BOLTS<\/td>\n<td>2006 &#8211; 2010<\/td>\n<\/tr>\n<tr>\n<td>PONTIAC<\/td>\n<td>G5 5 BOULONS \/ 5 BOLTS<\/td>\n<td>2006 &#8211; 2010<\/td>\n<\/tr>\n<tr>\n<td>PONTIAC<\/td>\n<td>G6<\/td>\n<td>2005 &#8211; 2010<\/td>\n<\/tr>\n<tr>\n<td>PONTIAC<\/td>\n<td>GRAND-AM<\/td>\n<td>1995 &#8211; 2005<\/td>\n<\/tr>\n<tr>\n<td>PONTIAC<\/td>\n<td>GRAND-PRIX<\/td>\n<td>1992 &#8211; 2008<\/td>\n<\/tr>\n<tr>\n<td>PONTIAC<\/td>\n<td>MONTANA<\/td>\n<td>2001 &#8211; 2005<\/td>\n<\/tr>\n<tr>\n<td>PONTIAC<\/td>\n<td>MONTANA SV6<\/td>\n<td>2006 &#8211; 2009<\/td>\n<\/tr>\n<tr>\n<td>PONTIAC<\/td>\n<td>PURSUIT 4 BOULONS \/ 4 BOLTS<\/td>\n<td>2006 &#8211; 2009<\/td>\n<\/tr>\n<tr>\n<td>PONTIAC<\/td>\n<td>PURSUIT 5 BOULONS \/ 5 BOLTS<\/td>\n<td>2006 &#8211; 2009<\/td>\n<\/tr>\n<tr>\n<td>PONTIAC<\/td>\n<td>SOLSTICE<\/td>\n<td>2006 &#8211; 2010<\/td>\n<\/tr>\n<tr>\n<td>PONTIAC<\/td>\n<td>SUNFIRE<\/td>\n<td>1995 &#8211; 2005<\/td>\n<\/tr>\n<tr>\n<td>PONTIAC<\/td>\n<td>TORRENT<\/td>\n<td>2004 &#8211; 2009<\/td>\n<\/tr>\n<tr>\n<td>PONTIAC<\/td>\n<td>TRANS SPORT<\/td>\n<td>1992 &#8211; 2002<\/td>\n<\/tr>\n<tr>\n<td>PONTIAC<\/td>\n<td>WAVE<\/td>\n<td>2005 &#8211; 2007<\/td>\n<\/tr>\n<tr>\n<td>RAM<\/td>\n<td>CARGO VAN<\/td>\n<td>2011 &#8211; 2015<\/td>\n<\/tr>\n<tr>\n<td>SAAB<\/td>\n<td>9.7X<\/td>\n<td>2005 &#8211; 2009<\/td>\n<\/tr>\n<tr>\n<td>SATURN<\/td>\n<td>AURA<\/td>\n<td>2007 &#8211; 2009<\/td>\n<\/tr>\n<tr>\n<td>SATURN<\/td>\n<td>ION<\/td>\n<td>2003 &#8211; 2007<\/td>\n<\/tr>\n<tr>\n<td>SATURN<\/td>\n<td>ION RED LINE<\/td>\n<td>2004 &#8211; 2007<\/td>\n<\/tr>\n<tr>\n<td>SATURN<\/td>\n<td>RELAY<\/td>\n<td>2005 &#8211; 2007<\/td>\n<\/tr>\n<tr>\n<td>SATURN<\/td>\n<td>SKY<\/td>\n<td>2006 &#8211; 2010<\/td>\n<\/tr>\n<tr>\n<td>SATURN<\/td>\n<td>VUE<\/td>\n<td>2002 &#8211; 2010<\/td>\n<\/tr>\n<tr>\n<td>SUZUKI<\/td>\n<td>FORENZA<\/td>\n<td>2004 &#8211; 2006<\/td>\n<\/tr>\n<tr>\n<td>SUZUKI<\/td>\n<td>SWIFT+<\/td>\n<td>2004 &#8211; 2010<\/td>\n<\/tr>\n<tr>\n<td>SUZUKI<\/td>\n<td>VERONA<\/td>\n<td>2004 &#8211; 2006<\/td>\n<\/tr>\n<tr>\n<td>SUZUKI<\/td>\n<td>XL7<\/td>\n<td>2007 &#8211; 2009<\/td>\n<\/tr>\n<tr>\n<td>VOLKSWAGEN<\/td>\n<td>ROUTAN<\/td>\n<td>2009 &#8211; 2012<\/td>\n<\/tr>\n<tr>\n<td>VOLVO<\/td>\n<td>C30<\/td>\n<td>2007 &#8211; 2013<\/td>\n<\/tr>\n<tr>\n<td>VOLVO<\/td>\n<td>C70<\/td>\n<td>2008 &#8211; 2013<\/td>\n<\/tr>\n<tr>\n<td>VOLVO<\/td>\n<td>S40<\/td>\n<td>2005 &#8211; 2011<\/td>\n<\/tr>\n<tr>\n<td>VOLVO<\/td>\n<td>V50<\/td>\n<td>2005 &#8211; 2011<\/td>\n<\/tr>\n<\/tbody>\n<\/table>\n<\/div>","protected":false},"excerpt":{"rendered":"<p>Compatibilit\u00e9s de vehicule Marque Mod\u00e8le Ann\u00e9e ACURA CL 1997 &#8211; 2003 ACURA CSX 2006 &#8211; 2011 ACURA CSX TYPE S 2007 &#8211; 2011 ACURA EL 1997 &#8211; 2005 ACURA ILX 2016 &#8211; 2022 ACURA ILX 2022 ACURA ILX 2,0L 2013 &#8211; 2015 ACURA ILX 2,4L 2013 &#8211; 2015 ACURA ILX PREMIUM A-SPEC 2016 &#8211; 2022 [&hellip;]<\/p>\n","protected":false},"featured_media":24003,"comment_status":"open","ping_status":"closed","template":"","meta":{"ocean_post_layout":"","ocean_both_sidebars_style":"","ocean_both_sidebars_content_width":0,"ocean_both_sidebars_sidebars_width":0,"ocean_sidebar":"0","ocean_second_sidebar":"0","ocean_disable_margins":"enable","ocean_add_body_class":"","ocean_shortcode_before_top_bar":"","ocean_shortcode_after_top_bar":"","ocean_shortcode_before_header":"","ocean_shortcode_after_header":"","ocean_has_shortcode":"","ocean_shortcode_after_title":"","ocean_shortcode_before_footer_widgets":"","ocean_shortcode_after_footer_widgets":"","ocean_shortcode_before_footer_bottom":"","ocean_shortcode_after_footer_bottom":"","ocean_display_top_bar":"default","ocean_display_header":"default","ocean_header_style":"","ocean_center_header_left_menu":"0","ocean_custom_header_template":"0","ocean_custom_logo":0,"ocean_custom_retina_logo":0,"ocean_custom_logo_max_width":0,"ocean_custom_logo_tablet_max_width":0,"ocean_custom_logo_mobile_max_width":0,"ocean_custom_logo_max_height":0,"ocean_custom_logo_tablet_max_height":0,"ocean_custom_logo_mobile_max_height":0,"ocean_header_custom_menu":"0","ocean_menu_typo_font_family":"0","ocean_menu_typo_font_subset":"","ocean_menu_typo_font_size":0,"ocean_menu_typo_font_size_tablet":0,"ocean_menu_typo_font_size_mobile":0,"ocean_menu_typo_font_size_unit":"px","ocean_menu_typo_font_weight":"","ocean_menu_typo_font_weight_tablet":"","ocean_menu_typo_font_weight_mobile":"","ocean_menu_typo_transform":"","ocean_menu_typo_transform_tablet":"","ocean_menu_typo_transform_mobile":"","ocean_menu_typo_line_height":0,"ocean_menu_typo_line_height_tablet":0,"ocean_menu_typo_line_height_mobile":0,"ocean_menu_typo_line_height_unit":"","ocean_menu_typo_spacing":0,"ocean_menu_typo_spacing_tablet":0,"ocean_menu_typo_spacing_mobile":0,"ocean_menu_typo_spacing_unit":"","ocean_menu_link_color":"","ocean_menu_link_color_hover":"","ocean_menu_link_color_active":"","ocean_menu_link_background":"","ocean_menu_link_hover_background":"","ocean_menu_link_active_background":"","ocean_menu_social_links_bg":"","ocean_menu_social_hover_links_bg":"","ocean_menu_social_links_color":"","ocean_menu_social_hover_links_color":"","ocean_disable_title":"default","ocean_disable_heading":"default","ocean_post_title":"","ocean_post_subheading":"","ocean_post_title_style":"","ocean_post_title_background_color":"","ocean_post_title_background":0,"ocean_post_title_bg_image_position":"","ocean_post_title_bg_image_attachment":"","ocean_post_title_bg_image_repeat":"","ocean_post_title_bg_image_size":"","ocean_post_title_height":0,"ocean_post_title_bg_overlay":0.5,"ocean_post_title_bg_overlay_color":"","ocean_disable_breadcrumbs":"default","ocean_breadcrumbs_color":"","ocean_breadcrumbs_separator_color":"","ocean_breadcrumbs_links_color":"","ocean_breadcrumbs_links_hover_color":"","ocean_display_footer_widgets":"default","ocean_display_footer_bottom":"default","ocean_custom_footer_template":"0"},"product_brand":[],"product_cat":[217,218],"product_tag":[],"class_list":{"0":"post-24002","1":"product","2":"type-product","3":"status-publish","4":"has-post-thumbnail","6":"product_cat-accessoires","7":"product_cat-ecrous-boulons","9":"entry","10":"has-media","12":"first","13":"instock","14":"taxable","15":"shipping-taxable","16":"purchasable","17":"product-type-simple","18":"col","19":"span_1_of_3","20":"owp-content-center","21":"item-entry","22":"owp-thumbs-layout-horizontal","23":"owp-btn-normal","24":"owp-tabs-layout-horizontal","25":"has-no-thumbnails"},"_links":{"self":[{"href":"https:\/\/entrepneu.com\/en\/wp-json\/wp\/v2\/product\/24002","targetHints":{"allow":["GET"]}}],"collection":[{"href":"https:\/\/entrepneu.com\/en\/wp-json\/wp\/v2\/product"}],"about":[{"href":"https:\/\/entrepneu.com\/en\/wp-json\/wp\/v2\/types\/product"}],"replies":[{"embeddable":true,"href":"https:\/\/entrepneu.com\/en\/wp-json\/wp\/v2\/comments?post=24002"}],"wp:featuredmedia":[{"embeddable":true,"href":"https:\/\/entrepneu.com\/en\/wp-json\/wp\/v2\/media\/24003"}],"wp:attachment":[{"href":"https:\/\/entrepneu.com\/en\/wp-json\/wp\/v2\/media?parent=24002"}],"wp:term":[{"taxonomy":"product_brand","embeddable":true,"href":"https:\/\/entrepneu.com\/en\/wp-json\/wp\/v2\/product_brand?post=24002"},{"taxonomy":"product_cat","embeddable":true,"href":"https:\/\/entrepneu.com\/en\/wp-json\/wp\/v2\/product_cat?post=24002"},{"taxonomy":"product_tag","embeddable":true,"href":"https:\/\/entrepneu.com\/en\/wp-json\/wp\/v2\/product_tag?post=24002"}],"curies":[{"name":"wp","href":"https:\/\/api.w.org\/{rel}","templated":true}]}}