{"id":23639,"date":"2024-03-13T21:21:41","date_gmt":"2024-03-14T01:21:41","guid":{"rendered":"https:\/\/entrepneu.com\/?post_type=product&#038;p=23639"},"modified":"2024-03-13T21:21:56","modified_gmt":"2024-03-14T01:21:56","slug":"nokian-one","status":"publish","type":"product","link":"https:\/\/entrepneu.com\/en\/product\/nokian-one\/","title":{"rendered":"Nokian One"},"content":{"rendered":"<div class=\"productdescription\">\n<ul>\n<li>Pneu toutes saisons (non homologu\u00e9 hiver) pour automobile et VUS.<\/li>\n<li>Technologie Aramid Sidewalls qui permet une meilleure solidit\u00e9 au niveau des flancs pour \u00e9viter (au maximum) les crevaisons caus\u00e9es par les impacts.<\/li>\n<li>Conception \u00e9cologique. La gomme est compos\u00e9e de la silice et de noir de carbone qui permet une grande douceur de roulement, r\u00e9duisant ainsi la r\u00e9sistance au roulement (\u00e9conomie de carburant).<\/li>\n<li>Bande de roulement sym\u00e9trique non directionnelle. Sa nervure centrale est constitu\u00e9e d\u2019indicateurs d\u2019usure.<\/li>\n<li>Lamelles en zigzag dont plusieurs n\u2019ont pas d\u2019ouverture vers l\u2019int\u00e9rieur afin de maintenir la stabilit\u00e9 lors d\u2019aquaplanage.<\/li>\n<li>Conception optimis\u00e9e qui le d\u00e9marque au freinage et en mati\u00e8re de tenue de route sur pav\u00e9 mouill\u00e9.<\/li>\n<li>Garantie d\u2019usure jusqu\u2019\u00e0 130 000 kilom\u00e8tres.<\/li>\n<\/ul>\n<\/div>","protected":false},"excerpt":{"rendered":"<p>Pneu toutes saisons (non homologu\u00e9 hiver) pour automobile et VUS. Technologie Aramid Sidewalls qui permet une meilleure solidit\u00e9 au niveau des flancs pour \u00e9viter (au maximum) les crevaisons caus\u00e9es par les impacts. Conception \u00e9cologique. La gomme est compos\u00e9e de la silice et de noir de carbone qui permet une grande douceur de roulement, r\u00e9duisant ainsi [&hellip;]<\/p>\n","protected":false},"featured_media":23640,"comment_status":"open","ping_status":"closed","template":"","meta":{"ocean_post_layout":"","ocean_both_sidebars_style":"","ocean_both_sidebars_content_width":0,"ocean_both_sidebars_sidebars_width":0,"ocean_sidebar":"0","ocean_second_sidebar":"0","ocean_disable_margins":"enable","ocean_add_body_class":"","ocean_shortcode_before_top_bar":"","ocean_shortcode_after_top_bar":"","ocean_shortcode_before_header":"","ocean_shortcode_after_header":"","ocean_has_shortcode":"","ocean_shortcode_after_title":"","ocean_shortcode_before_footer_widgets":"","ocean_shortcode_after_footer_widgets":"","ocean_shortcode_before_footer_bottom":"","ocean_shortcode_after_footer_bottom":"","ocean_display_top_bar":"default","ocean_display_header":"default","ocean_header_style":"","ocean_center_header_left_menu":"0","ocean_custom_header_template":"0","ocean_custom_logo":0,"ocean_custom_retina_logo":0,"ocean_custom_logo_max_width":0,"ocean_custom_logo_tablet_max_width":0,"ocean_custom_logo_mobile_max_width":0,"ocean_custom_logo_max_height":0,"ocean_custom_logo_tablet_max_height":0,"ocean_custom_logo_mobile_max_height":0,"ocean_header_custom_menu":"0","ocean_menu_typo_font_family":"0","ocean_menu_typo_font_subset":"","ocean_menu_typo_font_size":0,"ocean_menu_typo_font_size_tablet":0,"ocean_menu_typo_font_size_mobile":0,"ocean_menu_typo_font_size_unit":"px","ocean_menu_typo_font_weight":"","ocean_menu_typo_font_weight_tablet":"","ocean_menu_typo_font_weight_mobile":"","ocean_menu_typo_transform":"","ocean_menu_typo_transform_tablet":"","ocean_menu_typo_transform_mobile":"","ocean_menu_typo_line_height":0,"ocean_menu_typo_line_height_tablet":0,"ocean_menu_typo_line_height_mobile":0,"ocean_menu_typo_line_height_unit":"","ocean_menu_typo_spacing":0,"ocean_menu_typo_spacing_tablet":0,"ocean_menu_typo_spacing_mobile":0,"ocean_menu_typo_spacing_unit":"","ocean_menu_link_color":"","ocean_menu_link_color_hover":"","ocean_menu_link_color_active":"","ocean_menu_link_background":"","ocean_menu_link_hover_background":"","ocean_menu_link_active_background":"","ocean_menu_social_links_bg":"","ocean_menu_social_hover_links_bg":"","ocean_menu_social_links_color":"","ocean_menu_social_hover_links_color":"","ocean_disable_title":"default","ocean_disable_heading":"default","ocean_post_title":"","ocean_post_subheading":"","ocean_post_title_style":"","ocean_post_title_background_color":"","ocean_post_title_background":0,"ocean_post_title_bg_image_position":"","ocean_post_title_bg_image_attachment":"","ocean_post_title_bg_image_repeat":"","ocean_post_title_bg_image_size":"","ocean_post_title_height":0,"ocean_post_title_bg_overlay":0.5,"ocean_post_title_bg_overlay_color":"","ocean_disable_breadcrumbs":"default","ocean_breadcrumbs_color":"","ocean_breadcrumbs_separator_color":"","ocean_breadcrumbs_links_color":"","ocean_breadcrumbs_links_hover_color":"","ocean_display_footer_widgets":"default","ocean_display_footer_bottom":"default","ocean_custom_footer_template":"0"},"product_brand":[],"product_cat":[71,24,211],"product_tag":[],"class_list":{"0":"post-23639","1":"product","2":"type-product","3":"status-publish","4":"has-post-thumbnail","6":"product_cat-other-parts","7":"product_cat-tires","8":"product_cat-touring","10":"entry","11":"has-media","13":"first","14":"instock","15":"taxable","16":"shipping-taxable","17":"product-type-simple","18":"col","19":"span_1_of_3","20":"owp-content-center","21":"item-entry","22":"owp-thumbs-layout-horizontal","23":"owp-btn-normal","24":"owp-tabs-layout-horizontal","25":"has-no-thumbnails"},"_links":{"self":[{"href":"https:\/\/entrepneu.com\/en\/wp-json\/wp\/v2\/product\/23639","targetHints":{"allow":["GET"]}}],"collection":[{"href":"https:\/\/entrepneu.com\/en\/wp-json\/wp\/v2\/product"}],"about":[{"href":"https:\/\/entrepneu.com\/en\/wp-json\/wp\/v2\/types\/product"}],"replies":[{"embeddable":true,"href":"https:\/\/entrepneu.com\/en\/wp-json\/wp\/v2\/comments?post=23639"}],"wp:featuredmedia":[{"embeddable":true,"href":"https:\/\/entrepneu.com\/en\/wp-json\/wp\/v2\/media\/23640"}],"wp:attachment":[{"href":"https:\/\/entrepneu.com\/en\/wp-json\/wp\/v2\/media?parent=23639"}],"wp:term":[{"taxonomy":"product_brand","embeddable":true,"href":"https:\/\/entrepneu.com\/en\/wp-json\/wp\/v2\/product_brand?post=23639"},{"taxonomy":"product_cat","embeddable":true,"href":"https:\/\/entrepneu.com\/en\/wp-json\/wp\/v2\/product_cat?post=23639"},{"taxonomy":"product_tag","embeddable":true,"href":"https:\/\/entrepneu.com\/en\/wp-json\/wp\/v2\/product_tag?post=23639"}],"curies":[{"name":"wp","href":"https:\/\/api.w.org\/{rel}","templated":true}]}}