{"id":22193,"date":"2024-03-11T09:08:36","date_gmt":"2024-03-11T13:08:36","guid":{"rendered":"https:\/\/entrepneu.com\/?post_type=product&#038;p=22193"},"modified":"2024-03-11T09:08:55","modified_gmt":"2024-03-11T13:08:55","slug":"nankang-ns-2r","status":"publish","type":"product","link":"https:\/\/entrepneu.com\/en\/product\/nankang-ns-2r\/","title":{"rendered":"Nankang NS-2R"},"content":{"rendered":"<div class=\"flex-shrink-0 flex flex-col relative items-end\">\n<div>\n<div class=\"pt-0.5\">\n<div class=\"gizmo-shadow-stroke flex h-6 w-6 items-center justify-center overflow-hidden rounded-full\"><\/div>\n<\/div>\n<\/div>\n<\/div>\n<div class=\"relative flex w-full flex-col agent-turn\">\n<div class=\"font-semibold select-none\">Nankang \u00e9l\u00e8ve les pneus de drift de comp\u00e9tition \u00e0 un tout autre niveau avec le NS-2R SPORTNEX. Les passionn\u00e9s de vitesse sont confiants sur et hors de la piste gr\u00e2ce \u00e0 un compos\u00e9 et une construction \u00e9prouv\u00e9s inspir\u00e9s de la course. La conception de la bande de roulement am\u00e9liore la stabilit\u00e9 lat\u00e9rale lors de virages extr\u00eames, tandis que la surface de contact optimis\u00e9e maximise l&rsquo;adh\u00e9rence. Le NS-2R est disponible en deux compos\u00e9s : une version pour un usage quotidien collante et durable, et une version encore plus collante pour une utilisation sur piste.<\/div>\n<\/div>","protected":false},"excerpt":{"rendered":"<p>Nankang \u00e9l\u00e8ve les pneus de drift de comp\u00e9tition \u00e0 un tout autre niveau avec le NS-2R SPORTNEX. Les passionn\u00e9s de vitesse sont confiants sur et hors de la piste gr\u00e2ce \u00e0 un compos\u00e9 et une construction \u00e9prouv\u00e9s inspir\u00e9s de la course. La conception de la bande de roulement am\u00e9liore la stabilit\u00e9 lat\u00e9rale lors de virages [&hellip;]<\/p>\n","protected":false},"featured_media":22194,"comment_status":"open","ping_status":"closed","template":"","meta":{"ocean_post_layout":"","ocean_both_sidebars_style":"","ocean_both_sidebars_content_width":0,"ocean_both_sidebars_sidebars_width":0,"ocean_sidebar":"0","ocean_second_sidebar":"0","ocean_disable_margins":"enable","ocean_add_body_class":"","ocean_shortcode_before_top_bar":"","ocean_shortcode_after_top_bar":"","ocean_shortcode_before_header":"","ocean_shortcode_after_header":"","ocean_has_shortcode":"","ocean_shortcode_after_title":"","ocean_shortcode_before_footer_widgets":"","ocean_shortcode_after_footer_widgets":"","ocean_shortcode_before_footer_bottom":"","ocean_shortcode_after_footer_bottom":"","ocean_display_top_bar":"default","ocean_display_header":"default","ocean_header_style":"","ocean_center_header_left_menu":"0","ocean_custom_header_template":"0","ocean_custom_logo":0,"ocean_custom_retina_logo":0,"ocean_custom_logo_max_width":0,"ocean_custom_logo_tablet_max_width":0,"ocean_custom_logo_mobile_max_width":0,"ocean_custom_logo_max_height":0,"ocean_custom_logo_tablet_max_height":0,"ocean_custom_logo_mobile_max_height":0,"ocean_header_custom_menu":"0","ocean_menu_typo_font_family":"0","ocean_menu_typo_font_subset":"","ocean_menu_typo_font_size":0,"ocean_menu_typo_font_size_tablet":0,"ocean_menu_typo_font_size_mobile":0,"ocean_menu_typo_font_size_unit":"px","ocean_menu_typo_font_weight":"","ocean_menu_typo_font_weight_tablet":"","ocean_menu_typo_font_weight_mobile":"","ocean_menu_typo_transform":"","ocean_menu_typo_transform_tablet":"","ocean_menu_typo_transform_mobile":"","ocean_menu_typo_line_height":0,"ocean_menu_typo_line_height_tablet":0,"ocean_menu_typo_line_height_mobile":0,"ocean_menu_typo_line_height_unit":"","ocean_menu_typo_spacing":0,"ocean_menu_typo_spacing_tablet":0,"ocean_menu_typo_spacing_mobile":0,"ocean_menu_typo_spacing_unit":"","ocean_menu_link_color":"","ocean_menu_link_color_hover":"","ocean_menu_link_color_active":"","ocean_menu_link_background":"","ocean_menu_link_hover_background":"","ocean_menu_link_active_background":"","ocean_menu_social_links_bg":"","ocean_menu_social_hover_links_bg":"","ocean_menu_social_links_color":"","ocean_menu_social_hover_links_color":"","ocean_disable_title":"default","ocean_disable_heading":"default","ocean_post_title":"","ocean_post_subheading":"","ocean_post_title_style":"","ocean_post_title_background_color":"","ocean_post_title_background":0,"ocean_post_title_bg_image_position":"","ocean_post_title_bg_image_attachment":"","ocean_post_title_bg_image_repeat":"","ocean_post_title_bg_image_size":"","ocean_post_title_height":0,"ocean_post_title_bg_overlay":0.5,"ocean_post_title_bg_overlay_color":"","ocean_disable_breadcrumbs":"default","ocean_breadcrumbs_color":"","ocean_breadcrumbs_separator_color":"","ocean_breadcrumbs_links_color":"","ocean_breadcrumbs_links_hover_color":"","ocean_display_footer_widgets":"default","ocean_display_footer_bottom":"default","ocean_custom_footer_template":"0"},"product_brand":[],"product_cat":[24,210],"product_tag":[],"class_list":{"0":"post-22193","1":"product","2":"type-product","3":"status-publish","4":"has-post-thumbnail","6":"product_cat-tires","7":"product_cat-performance","9":"entry","10":"has-media","12":"first","13":"instock","14":"taxable","15":"shipping-taxable","16":"product-type-variable","17":"col","18":"span_1_of_3","19":"owp-content-center","20":"item-entry","21":"owp-thumbs-layout-horizontal","22":"owp-btn-normal","23":"owp-tabs-layout-horizontal","24":"has-no-thumbnails"},"_links":{"self":[{"href":"https:\/\/entrepneu.com\/en\/wp-json\/wp\/v2\/product\/22193","targetHints":{"allow":["GET"]}}],"collection":[{"href":"https:\/\/entrepneu.com\/en\/wp-json\/wp\/v2\/product"}],"about":[{"href":"https:\/\/entrepneu.com\/en\/wp-json\/wp\/v2\/types\/product"}],"replies":[{"embeddable":true,"href":"https:\/\/entrepneu.com\/en\/wp-json\/wp\/v2\/comments?post=22193"}],"wp:featuredmedia":[{"embeddable":true,"href":"https:\/\/entrepneu.com\/en\/wp-json\/wp\/v2\/media\/22194"}],"wp:attachment":[{"href":"https:\/\/entrepneu.com\/en\/wp-json\/wp\/v2\/media?parent=22193"}],"wp:term":[{"taxonomy":"product_brand","embeddable":true,"href":"https:\/\/entrepneu.com\/en\/wp-json\/wp\/v2\/product_brand?post=22193"},{"taxonomy":"product_cat","embeddable":true,"href":"https:\/\/entrepneu.com\/en\/wp-json\/wp\/v2\/product_cat?post=22193"},{"taxonomy":"product_tag","embeddable":true,"href":"https:\/\/entrepneu.com\/en\/wp-json\/wp\/v2\/product_tag?post=22193"}],"curies":[{"name":"wp","href":"https:\/\/api.w.org\/{rel}","templated":true}]}}