{"id":21908,"date":"2024-03-08T11:01:46","date_gmt":"2024-03-08T15:01:46","guid":{"rendered":"https:\/\/entrepneu.com\/?post_type=product&#038;p=21908"},"modified":"2024-09-12T10:12:31","modified_gmt":"2024-09-12T14:12:31","slug":"nexen-nfera-supreme","status":"publish","type":"product","link":"https:\/\/entrepneu.com\/en\/product\/nexen-nfera-supreme\/","title":{"rendered":"Nexen NFERA SUPREME"},"content":{"rendered":"<div class=\"containerOverlayTitle\"><\/div>\n<div class=\"productdescription\">\n<ul>\n<li>Pneu sport touring de conception moderne.<\/li>\n<li>Offre une conduite silencieuse et un confort exceptionnel.<\/li>\n<li>Muni de barres prot\u00e8ges jantes pour \u00e9viter les dommages caus\u00e9s aux roues.<\/li>\n<li>Kilom\u00e9trage \u00e9lev\u00e9 qui offre un cycle de vie de longue dur\u00e9e.<\/li>\n<li>Garantie limit\u00e9e de 115 000 km (H \/ V) et 90 000 km (W)<\/li>\n<li>Offert dans les dimensions : 16 \u00e0 22 pouces.<\/li>\n<\/ul>\n<\/div>","protected":false},"excerpt":{"rendered":"<p>Pneu sport touring de conception moderne. Offre une conduite silencieuse et un confort exceptionnel. Muni de barres prot\u00e8ges jantes pour \u00e9viter les dommages caus\u00e9s aux roues. Kilom\u00e9trage \u00e9lev\u00e9 qui offre un cycle de vie de longue dur\u00e9e. Garantie limit\u00e9e de 115 000 km (H \/ V) et 90 000 km (W) Offert dans les dimensions [&hellip;]<\/p>\n","protected":false},"featured_media":21909,"comment_status":"open","ping_status":"closed","template":"","meta":{"ocean_post_layout":"","ocean_both_sidebars_style":"","ocean_both_sidebars_content_width":0,"ocean_both_sidebars_sidebars_width":0,"ocean_sidebar":"0","ocean_second_sidebar":"0","ocean_disable_margins":"enable","ocean_add_body_class":"","ocean_shortcode_before_top_bar":"","ocean_shortcode_after_top_bar":"","ocean_shortcode_before_header":"","ocean_shortcode_after_header":"","ocean_has_shortcode":"","ocean_shortcode_after_title":"","ocean_shortcode_before_footer_widgets":"","ocean_shortcode_after_footer_widgets":"","ocean_shortcode_before_footer_bottom":"","ocean_shortcode_after_footer_bottom":"","ocean_display_top_bar":"default","ocean_display_header":"default","ocean_header_style":"","ocean_center_header_left_menu":"0","ocean_custom_header_template":"0","ocean_custom_logo":0,"ocean_custom_retina_logo":0,"ocean_custom_logo_max_width":0,"ocean_custom_logo_tablet_max_width":0,"ocean_custom_logo_mobile_max_width":0,"ocean_custom_logo_max_height":0,"ocean_custom_logo_tablet_max_height":0,"ocean_custom_logo_mobile_max_height":0,"ocean_header_custom_menu":"0","ocean_menu_typo_font_family":"0","ocean_menu_typo_font_subset":"","ocean_menu_typo_font_size":0,"ocean_menu_typo_font_size_tablet":0,"ocean_menu_typo_font_size_mobile":0,"ocean_menu_typo_font_size_unit":"px","ocean_menu_typo_font_weight":"","ocean_menu_typo_font_weight_tablet":"","ocean_menu_typo_font_weight_mobile":"","ocean_menu_typo_transform":"","ocean_menu_typo_transform_tablet":"","ocean_menu_typo_transform_mobile":"","ocean_menu_typo_line_height":0,"ocean_menu_typo_line_height_tablet":0,"ocean_menu_typo_line_height_mobile":0,"ocean_menu_typo_line_height_unit":"","ocean_menu_typo_spacing":0,"ocean_menu_typo_spacing_tablet":0,"ocean_menu_typo_spacing_mobile":0,"ocean_menu_typo_spacing_unit":"","ocean_menu_link_color":"","ocean_menu_link_color_hover":"","ocean_menu_link_color_active":"","ocean_menu_link_background":"","ocean_menu_link_hover_background":"","ocean_menu_link_active_background":"","ocean_menu_social_links_bg":"","ocean_menu_social_hover_links_bg":"","ocean_menu_social_links_color":"","ocean_menu_social_hover_links_color":"","ocean_disable_title":"default","ocean_disable_heading":"default","ocean_post_title":"","ocean_post_subheading":"","ocean_post_title_style":"","ocean_post_title_background_color":"","ocean_post_title_background":0,"ocean_post_title_bg_image_position":"","ocean_post_title_bg_image_attachment":"","ocean_post_title_bg_image_repeat":"","ocean_post_title_bg_image_size":"","ocean_post_title_height":0,"ocean_post_title_bg_overlay":0.5,"ocean_post_title_bg_overlay_color":"","ocean_disable_breadcrumbs":"default","ocean_breadcrumbs_color":"","ocean_breadcrumbs_separator_color":"","ocean_breadcrumbs_links_color":"","ocean_breadcrumbs_links_hover_color":"","ocean_display_footer_widgets":"default","ocean_display_footer_bottom":"default","ocean_custom_footer_template":"0"},"product_brand":[],"product_cat":[24,211],"product_tag":[],"class_list":{"0":"post-21908","1":"product","2":"type-product","3":"status-publish","4":"has-post-thumbnail","6":"product_cat-tires","7":"product_cat-touring","9":"entry","10":"has-media","12":"first","13":"instock","14":"taxable","15":"shipping-taxable","16":"product-type-simple","17":"col","18":"span_1_of_3","19":"owp-content-center","20":"item-entry","21":"owp-thumbs-layout-horizontal","22":"owp-btn-normal","23":"owp-tabs-layout-horizontal","24":"has-no-thumbnails"},"_links":{"self":[{"href":"https:\/\/entrepneu.com\/en\/wp-json\/wp\/v2\/product\/21908","targetHints":{"allow":["GET"]}}],"collection":[{"href":"https:\/\/entrepneu.com\/en\/wp-json\/wp\/v2\/product"}],"about":[{"href":"https:\/\/entrepneu.com\/en\/wp-json\/wp\/v2\/types\/product"}],"replies":[{"embeddable":true,"href":"https:\/\/entrepneu.com\/en\/wp-json\/wp\/v2\/comments?post=21908"}],"wp:featuredmedia":[{"embeddable":true,"href":"https:\/\/entrepneu.com\/en\/wp-json\/wp\/v2\/media\/21909"}],"wp:attachment":[{"href":"https:\/\/entrepneu.com\/en\/wp-json\/wp\/v2\/media?parent=21908"}],"wp:term":[{"taxonomy":"product_brand","embeddable":true,"href":"https:\/\/entrepneu.com\/en\/wp-json\/wp\/v2\/product_brand?post=21908"},{"taxonomy":"product_cat","embeddable":true,"href":"https:\/\/entrepneu.com\/en\/wp-json\/wp\/v2\/product_cat?post=21908"},{"taxonomy":"product_tag","embeddable":true,"href":"https:\/\/entrepneu.com\/en\/wp-json\/wp\/v2\/product_tag?post=21908"}],"curies":[{"name":"wp","href":"https:\/\/api.w.org\/{rel}","templated":true}]}}